{"id":3747,"date":"2023-08-06T01:32:57","date_gmt":"2023-08-05T22:32:57","guid":{"rendered":"https:\/\/www.homapex.com.tr\/?page_id=3747"},"modified":"2023-08-06T01:32:57","modified_gmt":"2023-08-05T22:32:57","slug":"hmp-1001-03","status":"publish","type":"page","link":"https:\/\/www.homapex.com.tr\/index.php\/urunler\/camasirkurutmaliklari\/hmp-1001-03\/","title":{"rendered":"HMP &#8211; 1001 &#8211; 03"},"content":{"rendered":"","protected":false},"excerpt":{"rendered":"","protected":false},"author":1,"featured_media":0,"parent":3424,"menu_order":0,"comment_status":"closed","ping_status":"closed","template":"","meta":{"_bbp_topic_count":0,"_bbp_reply_count":0,"_bbp_total_topic_count":0,"_bbp_total_reply_count":0,"_bbp_voice_count":0,"_bbp_anonymous_reply_count":0,"_bbp_topic_count_hidden":0,"_bbp_reply_count_hidden":0,"_bbp_forum_subforum_count":0,"content-type":"","footnotes":""},"class_list":["post-3747","page","type-page","status-publish","hentry"],"acf":[],"yoast_head":"<!-- This site is optimized with the Yoast SEO plugin v19.0 - https:\/\/yoast.com\/wordpress\/plugins\/seo\/ -->\n<title>HMP - 1001 - 03 - Homapex Practical Home Items<\/title>\n<meta name=\"robots\" content=\"index, follow, max-snippet:-1, max-image-preview:large, max-video-preview:-1\" \/>\n<link rel=\"canonical\" href=\"https:\/\/www.homapex.com.tr\/index.php\/urunler\/camasirkurutmaliklari\/hmp-1001-03\/\" \/>\n<meta property=\"og:locale\" content=\"tr_TR\" \/>\n<meta property=\"og:type\" content=\"article\" \/>\n<meta property=\"og:title\" content=\"HMP - 1001 - 03 - Homapex Practical Home Items\" \/>\n<meta property=\"og:url\" content=\"https:\/\/www.homapex.com.tr\/index.php\/urunler\/camasirkurutmaliklari\/hmp-1001-03\/\" \/>\n<meta property=\"og:site_name\" content=\"Homapex Practical Home Items\" \/>\n<meta name=\"twitter:card\" content=\"summary_large_image\" \/>\n<script type=\"application\/ld+json\" class=\"yoast-schema-graph\">{\"@context\":\"https:\/\/schema.org\",\"@graph\":[{\"@type\":\"Organization\",\"@id\":\"https:\/\/www.homapex.com.tr\/#organization\",\"name\":\"Homapex\",\"url\":\"https:\/\/www.homapex.com.tr\/\",\"sameAs\":[],\"logo\":{\"@type\":\"ImageObject\",\"inLanguage\":\"tr\",\"@id\":\"https:\/\/www.homapex.com.tr\/#\/schema\/logo\/image\/\",\"url\":\"https:\/\/www.homapex.com.tr\/wp-content\/uploads\/2022\/07\/HOMAPEX.jpg\",\"contentUrl\":\"https:\/\/www.homapex.com.tr\/wp-content\/uploads\/2022\/07\/HOMAPEX.jpg\",\"width\":1920,\"height\":1080,\"caption\":\"Homapex\"},\"image\":{\"@id\":\"https:\/\/www.homapex.com.tr\/#\/schema\/logo\/image\/\"}},{\"@type\":\"WebSite\",\"@id\":\"https:\/\/www.homapex.com.tr\/#website\",\"url\":\"https:\/\/www.homapex.com.tr\/\",\"name\":\"Homapex Practical Home Items\",\"description\":\"Evinizin ihtiyac\u0131 de\u011fil, vazge\u00e7ilmezi\",\"publisher\":{\"@id\":\"https:\/\/www.homapex.com.tr\/#organization\"},\"potentialAction\":[{\"@type\":\"SearchAction\",\"target\":{\"@type\":\"EntryPoint\",\"urlTemplate\":\"https:\/\/www.homapex.com.tr\/?s={search_term_string}\"},\"query-input\":\"required name=search_term_string\"}],\"inLanguage\":\"tr\"},{\"@type\":\"WebPage\",\"@id\":\"https:\/\/www.homapex.com.tr\/index.php\/urunler\/camasirkurutmaliklari\/hmp-1001-03\/#webpage\",\"url\":\"https:\/\/www.homapex.com.tr\/index.php\/urunler\/camasirkurutmaliklari\/hmp-1001-03\/\",\"name\":\"HMP - 1001 - 03 - Homapex Practical Home Items\",\"isPartOf\":{\"@id\":\"https:\/\/www.homapex.com.tr\/#website\"},\"datePublished\":\"2023-08-05T22:32:57+00:00\",\"dateModified\":\"2023-08-05T22:32:57+00:00\",\"breadcrumb\":{\"@id\":\"https:\/\/www.homapex.com.tr\/index.php\/urunler\/camasirkurutmaliklari\/hmp-1001-03\/#breadcrumb\"},\"inLanguage\":\"tr\",\"potentialAction\":[{\"@type\":\"ReadAction\",\"target\":[\"https:\/\/www.homapex.com.tr\/index.php\/urunler\/camasirkurutmaliklari\/hmp-1001-03\/\"]}]},{\"@type\":\"BreadcrumbList\",\"@id\":\"https:\/\/www.homapex.com.tr\/index.php\/urunler\/camasirkurutmaliklari\/hmp-1001-03\/#breadcrumb\",\"itemListElement\":[{\"@type\":\"ListItem\",\"position\":1,\"name\":\"Anasayfa\",\"item\":\"https:\/\/www.homapex.com.tr\/\"},{\"@type\":\"ListItem\",\"position\":2,\"name\":\"\u00dcr\u00fcnler\",\"item\":\"https:\/\/www.homapex.com.tr\/index.php\/urunler\/\"},{\"@type\":\"ListItem\",\"position\":3,\"name\":\"\u00c7ama\u015f\u0131r Kurutmal\u0131klar\u0131\",\"item\":\"https:\/\/www.homapex.com.tr\/index.php\/urunler\/camasirkurutmaliklari\/\"},{\"@type\":\"ListItem\",\"position\":4,\"name\":\"HMP &#8211; 1001 &#8211; 03\"}]}]}<\/script>\n<!-- \/ Yoast SEO plugin. -->","yoast_head_json":{"title":"HMP - 1001 - 03 - Homapex Practical Home Items","robots":{"index":"index","follow":"follow","max-snippet":"max-snippet:-1","max-image-preview":"max-image-preview:large","max-video-preview":"max-video-preview:-1"},"canonical":"https:\/\/www.homapex.com.tr\/index.php\/urunler\/camasirkurutmaliklari\/hmp-1001-03\/","og_locale":"tr_TR","og_type":"article","og_title":"HMP - 1001 - 03 - Homapex Practical Home Items","og_url":"https:\/\/www.homapex.com.tr\/index.php\/urunler\/camasirkurutmaliklari\/hmp-1001-03\/","og_site_name":"Homapex Practical Home Items","twitter_card":"summary_large_image","schema":{"@context":"https:\/\/schema.org","@graph":[{"@type":"Organization","@id":"https:\/\/www.homapex.com.tr\/#organization","name":"Homapex","url":"https:\/\/www.homapex.com.tr\/","sameAs":[],"logo":{"@type":"ImageObject","inLanguage":"tr","@id":"https:\/\/www.homapex.com.tr\/#\/schema\/logo\/image\/","url":"https:\/\/www.homapex.com.tr\/wp-content\/uploads\/2022\/07\/HOMAPEX.jpg","contentUrl":"https:\/\/www.homapex.com.tr\/wp-content\/uploads\/2022\/07\/HOMAPEX.jpg","width":1920,"height":1080,"caption":"Homapex"},"image":{"@id":"https:\/\/www.homapex.com.tr\/#\/schema\/logo\/image\/"}},{"@type":"WebSite","@id":"https:\/\/www.homapex.com.tr\/#website","url":"https:\/\/www.homapex.com.tr\/","name":"Homapex Practical Home Items","description":"Evinizin ihtiyac\u0131 de\u011fil, vazge\u00e7ilmezi","publisher":{"@id":"https:\/\/www.homapex.com.tr\/#organization"},"potentialAction":[{"@type":"SearchAction","target":{"@type":"EntryPoint","urlTemplate":"https:\/\/www.homapex.com.tr\/?s={search_term_string}"},"query-input":"required name=search_term_string"}],"inLanguage":"tr"},{"@type":"WebPage","@id":"https:\/\/www.homapex.com.tr\/index.php\/urunler\/camasirkurutmaliklari\/hmp-1001-03\/#webpage","url":"https:\/\/www.homapex.com.tr\/index.php\/urunler\/camasirkurutmaliklari\/hmp-1001-03\/","name":"HMP - 1001 - 03 - Homapex Practical Home Items","isPartOf":{"@id":"https:\/\/www.homapex.com.tr\/#website"},"datePublished":"2023-08-05T22:32:57+00:00","dateModified":"2023-08-05T22:32:57+00:00","breadcrumb":{"@id":"https:\/\/www.homapex.com.tr\/index.php\/urunler\/camasirkurutmaliklari\/hmp-1001-03\/#breadcrumb"},"inLanguage":"tr","potentialAction":[{"@type":"ReadAction","target":["https:\/\/www.homapex.com.tr\/index.php\/urunler\/camasirkurutmaliklari\/hmp-1001-03\/"]}]},{"@type":"BreadcrumbList","@id":"https:\/\/www.homapex.com.tr\/index.php\/urunler\/camasirkurutmaliklari\/hmp-1001-03\/#breadcrumb","itemListElement":[{"@type":"ListItem","position":1,"name":"Anasayfa","item":"https:\/\/www.homapex.com.tr\/"},{"@type":"ListItem","position":2,"name":"\u00dcr\u00fcnler","item":"https:\/\/www.homapex.com.tr\/index.php\/urunler\/"},{"@type":"ListItem","position":3,"name":"\u00c7ama\u015f\u0131r Kurutmal\u0131klar\u0131","item":"https:\/\/www.homapex.com.tr\/index.php\/urunler\/camasirkurutmaliklari\/"},{"@type":"ListItem","position":4,"name":"HMP &#8211; 1001 &#8211; 03"}]}]}},"_links":{"self":[{"href":"https:\/\/www.homapex.com.tr\/index.php\/wp-json\/wp\/v2\/pages\/3747","targetHints":{"allow":["GET"]}}],"collection":[{"href":"https:\/\/www.homapex.com.tr\/index.php\/wp-json\/wp\/v2\/pages"}],"about":[{"href":"https:\/\/www.homapex.com.tr\/index.php\/wp-json\/wp\/v2\/types\/page"}],"author":[{"embeddable":true,"href":"https:\/\/www.homapex.com.tr\/index.php\/wp-json\/wp\/v2\/users\/1"}],"replies":[{"embeddable":true,"href":"https:\/\/www.homapex.com.tr\/index.php\/wp-json\/wp\/v2\/comments?post=3747"}],"version-history":[{"count":1,"href":"https:\/\/www.homapex.com.tr\/index.php\/wp-json\/wp\/v2\/pages\/3747\/revisions"}],"predecessor-version":[{"id":3748,"href":"https:\/\/www.homapex.com.tr\/index.php\/wp-json\/wp\/v2\/pages\/3747\/revisions\/3748"}],"up":[{"embeddable":true,"href":"https:\/\/www.homapex.com.tr\/index.php\/wp-json\/wp\/v2\/pages\/3424"}],"wp:attachment":[{"href":"https:\/\/www.homapex.com.tr\/index.php\/wp-json\/wp\/v2\/media?parent=3747"}],"curies":[{"name":"wp","href":"https:\/\/api.w.org\/{rel}","templated":true}]}}