{"id":3469,"date":"2022-07-17T17:21:55","date_gmt":"2022-07-17T14:21:55","guid":{"rendered":"https:\/\/www.homapex.com.tr\/?page_id=3469"},"modified":"2022-07-18T15:21:57","modified_gmt":"2022-07-18T12:21:57","slug":"katalog","status":"publish","type":"page","link":"https:\/\/www.homapex.com.tr\/index.php\/katalog\/","title":{"rendered":"Katalog"},"content":{"rendered":"<div class=\"_3d-flip-book  fb3d-fullscreen-mode full-size\" data-id=\"3474\" data-mode=\"fullscreen\" data-title=\"false\" data-template=\"short-white-book-view\" data-lightbox=\"dark\" data-urlparam=\"fb3d-page\" data-page-n=\"0\" data-pdf=\"\" data-tax=\"null\" data-thumbnail=\"\" data-cols=\"3\" data-query=\"\"><\/div><script type=\"text\/javascript\">window.FB3D_CLIENT_DATA = window.FB3D_CLIENT_DATA || [];window.FB3D_CLIENT_DATA.push('eyJwb3N0cyI6eyIzNDc0Ijp7IklEIjozNDc0LCJ0aXRsZSI6IkthdGFsb2ciLCJ0eXBlIjoicGRmIiwicmVhZHlfZnVuY3Rpb24iOiIiLCJib29rX3N0eWxlIjoiZmxhdCIsImRhdGEiOnsicG9zdF9JRCI6IjM2MDYiLCJndWlkIjoiaHR0cHM6XC9cL3d3dy5ob21hcGV4LmNvbS50clwvd3AtY29udGVudFwvdXBsb2Fkc1wvMjAyMlwvMDdcLzIwMjMtSE9NQVBFWC1QUkFDVElDQUwtSE9NRS1JVEVNUy1MQVVORFJZLURSWUVSLUNBVEFMT0dVRV9jb21wcmVzc2VkLnBkZiIsInBkZl9wYWdlcyI6IjMyIiwicGFnZXNfY3VzdG9taXphdGlvbiI6Im5vbmUifSwidGh1bWJuYWlsIjp7ImRhdGEiOnsicG9zdF9JRCI6IjAifSwidHlwZSI6ImF1dG8ifSwicHJvcHMiOnsiY2FjaGVkUGFnZXMiOiJhdXRvIiwicmVuZGVySW5hY3RpdmVQYWdlcyI6ImF1dG8iLCJyZW5kZXJJbmFjdGl2ZVBhZ2VzT25Nb2JpbGUiOiJhdXRvIiwicmVuZGVyV2hpbGVGbGlwcGluZyI6ImF1dG8iLCJwcmVsb2FkUGFnZXMiOiJhdXRvIiwicnRsIjoiYXV0byIsImludGVyYWN0aXZlQ29ybmVycyI6ImF1dG8iLCJzaGVldCI6eyJzdGFydFZlbG9jaXR5IjoiYXV0byIsIndhdmUiOiJhdXRvIiwic2hhcGUiOiJhdXRvIiwid2lkdGhUZXhlbHMiOiJhdXRvIiwiY29sb3IiOiJhdXRvIiwic2lkZSI6ImF1dG8iLCJjb3JuZXJEZXZpYXRpb24iOiJhdXRvIiwiZmxleGliaWxpdHkiOiJhdXRvIiwiZmxleGlibGVDb3JuZXIiOiJhdXRvIiwiYmVuZGluZyI6ImF1dG8iLCJoZWlnaHRUZXhlbHMiOiJhdXRvIn0sImNvdmVyIjp7IndhdmUiOiJhdXRvIiwiY29sb3IiOiJhdXRvIiwiYmluZGVyVGV4dHVyZSI6ImF1dG8iLCJkZXB0aCI6ImF1dG8iLCJwYWRkaW5nIjoiYXV0byIsInN0YXJ0VmVsb2NpdHkiOiJhdXRvIiwiZmxleGliaWxpdHkiOiJhdXRvIiwiZmxleGlibGVDb3JuZXIiOiJhdXRvIiwiYmVuZGluZyI6ImF1dG8iLCJ3aWR0aFRleGVscyI6ImF1dG8iLCJoZWlnaHRUZXhlbHMiOiJhdXRvIiwibWFzcyI6ImF1dG8iLCJzaWRlIjoiYXV0byIsInNoYXBlIjoiYXV0byJ9LCJwYWdlIjp7IndhdmUiOiJhdXRvIiwiY29sb3IiOiJhdXRvIiwiZGVwdGgiOiJhdXRvIiwic3RhcnRWZWxvY2l0eSI6ImF1dG8iLCJmbGV4aWJpbGl0eSI6ImF1dG8iLCJmbGV4aWJsZUNvcm5lciI6ImF1dG8iLCJiZW5kaW5nIjoiYXV0byIsIndpZHRoVGV4ZWxzIjoiYXV0byIsImhlaWdodFRleGVscyI6ImF1dG8iLCJtYXNzIjoiYXV0byIsInNpZGUiOiJhdXRvIiwic2hhcGUiOiJhdXRvIn0sImhlaWdodCI6ImF1dG8iLCJ3aWR0aCI6ImF1dG8iLCJncmF2aXR5IjoiYXV0byIsInBhZ2VzRm9yUHJlZGljdGluZyI6ImF1dG8ifSwiY29udHJvbFByb3BzIjp7ImFjdGlvbnMiOnsiY21kU2F2ZSI6eyJlbmFibGVkIjoiYXV0byIsImVuYWJsZWRJbk5hcnJvdyI6ImF1dG8ifSwiY21kUHJpbnQiOnsiZW5hYmxlZCI6ImF1dG8iLCJlbmFibGVkSW5OYXJyb3ciOiJhdXRvIn0sImNtZFNpbmdsZVBhZ2UiOnsiZW5hYmxlZCI6ImF1dG8iLCJlbmFibGVkSW5OYXJyb3ciOiJhdXRvIiwiYWN0aXZlIjoiYXV0byIsImFjdGl2ZUZvck1vYmlsZSI6ImF1dG8ifX19LCJhdXRvVGh1bWJuYWlsIjoiaHR0cHM6XC9cL3d3dy5ob21hcGV4LmNvbS50clwvd3AtY29udGVudFwvdXBsb2Fkc1wvM2QtZmxpcC1ib29rXC9hdXRvLXRodW1ibmFpbHNcLzM0NzQucG5nIiwicG9zdF9uYW1lIjoia2F0YWxvZyIsInBvc3RfdHlwZSI6IjNkLWZsaXAtYm9vayJ9fSwicGFnZXMiOltdLCJmaXJzdFBhZ2VzIjpbXX0=');window.FB3D_CLIENT_LOCALE && window.FB3D_CLIENT_LOCALE.render();<\/script>\n","protected":false},"excerpt":{"rendered":"","protected":false},"author":1,"featured_media":0,"parent":0,"menu_order":0,"comment_status":"closed","ping_status":"closed","template":"","meta":{"_bbp_topic_count":0,"_bbp_reply_count":0,"_bbp_total_topic_count":0,"_bbp_total_reply_count":0,"_bbp_voice_count":0,"_bbp_anonymous_reply_count":0,"_bbp_topic_count_hidden":0,"_bbp_reply_count_hidden":0,"_bbp_forum_subforum_count":0,"content-type":"","footnotes":""},"class_list":["post-3469","page","type-page","status-publish","hentry"],"acf":[],"yoast_head":"<!-- This site is optimized with the Yoast SEO plugin v19.0 - https:\/\/yoast.com\/wordpress\/plugins\/seo\/ -->\n<title>Katalog - Homapex Practical Home Items<\/title>\n<meta name=\"robots\" content=\"index, follow, max-snippet:-1, max-image-preview:large, max-video-preview:-1\" \/>\n<link rel=\"canonical\" href=\"https:\/\/www.homapex.com.tr\/index.php\/katalog\/\" \/>\n<meta property=\"og:locale\" content=\"tr_TR\" \/>\n<meta property=\"og:type\" content=\"article\" \/>\n<meta property=\"og:title\" content=\"Katalog - Homapex Practical Home Items\" \/>\n<meta property=\"og:url\" content=\"https:\/\/www.homapex.com.tr\/index.php\/katalog\/\" \/>\n<meta property=\"og:site_name\" content=\"Homapex Practical Home Items\" \/>\n<meta property=\"article:modified_time\" content=\"2022-07-18T12:21:57+00:00\" \/>\n<meta name=\"twitter:card\" content=\"summary_large_image\" \/>\n<meta name=\"twitter:label1\" content=\"Tahmini okuma s\u00fcresi\" \/>\n\t<meta name=\"twitter:data1\" content=\"1 dakika\" \/>\n<script type=\"application\/ld+json\" class=\"yoast-schema-graph\">{\"@context\":\"https:\/\/schema.org\",\"@graph\":[{\"@type\":\"Organization\",\"@id\":\"https:\/\/www.homapex.com.tr\/#organization\",\"name\":\"Homapex\",\"url\":\"https:\/\/www.homapex.com.tr\/\",\"sameAs\":[],\"logo\":{\"@type\":\"ImageObject\",\"inLanguage\":\"tr\",\"@id\":\"https:\/\/www.homapex.com.tr\/#\/schema\/logo\/image\/\",\"url\":\"https:\/\/www.homapex.com.tr\/wp-content\/uploads\/2022\/07\/HOMAPEX.jpg\",\"contentUrl\":\"https:\/\/www.homapex.com.tr\/wp-content\/uploads\/2022\/07\/HOMAPEX.jpg\",\"width\":1920,\"height\":1080,\"caption\":\"Homapex\"},\"image\":{\"@id\":\"https:\/\/www.homapex.com.tr\/#\/schema\/logo\/image\/\"}},{\"@type\":\"WebSite\",\"@id\":\"https:\/\/www.homapex.com.tr\/#website\",\"url\":\"https:\/\/www.homapex.com.tr\/\",\"name\":\"Homapex Practical Home Items\",\"description\":\"Evinizin ihtiyac\u0131 de\u011fil, vazge\u00e7ilmezi\",\"publisher\":{\"@id\":\"https:\/\/www.homapex.com.tr\/#organization\"},\"potentialAction\":[{\"@type\":\"SearchAction\",\"target\":{\"@type\":\"EntryPoint\",\"urlTemplate\":\"https:\/\/www.homapex.com.tr\/?s={search_term_string}\"},\"query-input\":\"required name=search_term_string\"}],\"inLanguage\":\"tr\"},{\"@type\":\"WebPage\",\"@id\":\"https:\/\/www.homapex.com.tr\/index.php\/katalog\/#webpage\",\"url\":\"https:\/\/www.homapex.com.tr\/index.php\/katalog\/\",\"name\":\"Katalog - Homapex Practical Home Items\",\"isPartOf\":{\"@id\":\"https:\/\/www.homapex.com.tr\/#website\"},\"datePublished\":\"2022-07-17T14:21:55+00:00\",\"dateModified\":\"2022-07-18T12:21:57+00:00\",\"breadcrumb\":{\"@id\":\"https:\/\/www.homapex.com.tr\/index.php\/katalog\/#breadcrumb\"},\"inLanguage\":\"tr\",\"potentialAction\":[{\"@type\":\"ReadAction\",\"target\":[\"https:\/\/www.homapex.com.tr\/index.php\/katalog\/\"]}]},{\"@type\":\"BreadcrumbList\",\"@id\":\"https:\/\/www.homapex.com.tr\/index.php\/katalog\/#breadcrumb\",\"itemListElement\":[{\"@type\":\"ListItem\",\"position\":1,\"name\":\"Anasayfa\",\"item\":\"https:\/\/www.homapex.com.tr\/\"},{\"@type\":\"ListItem\",\"position\":2,\"name\":\"Katalog\"}]}]}<\/script>\n<!-- \/ Yoast SEO plugin. -->","yoast_head_json":{"title":"Katalog - Homapex Practical Home Items","robots":{"index":"index","follow":"follow","max-snippet":"max-snippet:-1","max-image-preview":"max-image-preview:large","max-video-preview":"max-video-preview:-1"},"canonical":"https:\/\/www.homapex.com.tr\/index.php\/katalog\/","og_locale":"tr_TR","og_type":"article","og_title":"Katalog - Homapex Practical Home Items","og_url":"https:\/\/www.homapex.com.tr\/index.php\/katalog\/","og_site_name":"Homapex Practical Home Items","article_modified_time":"2022-07-18T12:21:57+00:00","twitter_card":"summary_large_image","twitter_misc":{"Tahmini okuma s\u00fcresi":"1 dakika"},"schema":{"@context":"https:\/\/schema.org","@graph":[{"@type":"Organization","@id":"https:\/\/www.homapex.com.tr\/#organization","name":"Homapex","url":"https:\/\/www.homapex.com.tr\/","sameAs":[],"logo":{"@type":"ImageObject","inLanguage":"tr","@id":"https:\/\/www.homapex.com.tr\/#\/schema\/logo\/image\/","url":"https:\/\/www.homapex.com.tr\/wp-content\/uploads\/2022\/07\/HOMAPEX.jpg","contentUrl":"https:\/\/www.homapex.com.tr\/wp-content\/uploads\/2022\/07\/HOMAPEX.jpg","width":1920,"height":1080,"caption":"Homapex"},"image":{"@id":"https:\/\/www.homapex.com.tr\/#\/schema\/logo\/image\/"}},{"@type":"WebSite","@id":"https:\/\/www.homapex.com.tr\/#website","url":"https:\/\/www.homapex.com.tr\/","name":"Homapex Practical Home Items","description":"Evinizin ihtiyac\u0131 de\u011fil, vazge\u00e7ilmezi","publisher":{"@id":"https:\/\/www.homapex.com.tr\/#organization"},"potentialAction":[{"@type":"SearchAction","target":{"@type":"EntryPoint","urlTemplate":"https:\/\/www.homapex.com.tr\/?s={search_term_string}"},"query-input":"required name=search_term_string"}],"inLanguage":"tr"},{"@type":"WebPage","@id":"https:\/\/www.homapex.com.tr\/index.php\/katalog\/#webpage","url":"https:\/\/www.homapex.com.tr\/index.php\/katalog\/","name":"Katalog - Homapex Practical Home Items","isPartOf":{"@id":"https:\/\/www.homapex.com.tr\/#website"},"datePublished":"2022-07-17T14:21:55+00:00","dateModified":"2022-07-18T12:21:57+00:00","breadcrumb":{"@id":"https:\/\/www.homapex.com.tr\/index.php\/katalog\/#breadcrumb"},"inLanguage":"tr","potentialAction":[{"@type":"ReadAction","target":["https:\/\/www.homapex.com.tr\/index.php\/katalog\/"]}]},{"@type":"BreadcrumbList","@id":"https:\/\/www.homapex.com.tr\/index.php\/katalog\/#breadcrumb","itemListElement":[{"@type":"ListItem","position":1,"name":"Anasayfa","item":"https:\/\/www.homapex.com.tr\/"},{"@type":"ListItem","position":2,"name":"Katalog"}]}]}},"_links":{"self":[{"href":"https:\/\/www.homapex.com.tr\/index.php\/wp-json\/wp\/v2\/pages\/3469","targetHints":{"allow":["GET"]}}],"collection":[{"href":"https:\/\/www.homapex.com.tr\/index.php\/wp-json\/wp\/v2\/pages"}],"about":[{"href":"https:\/\/www.homapex.com.tr\/index.php\/wp-json\/wp\/v2\/types\/page"}],"author":[{"embeddable":true,"href":"https:\/\/www.homapex.com.tr\/index.php\/wp-json\/wp\/v2\/users\/1"}],"replies":[{"embeddable":true,"href":"https:\/\/www.homapex.com.tr\/index.php\/wp-json\/wp\/v2\/comments?post=3469"}],"version-history":[{"count":7,"href":"https:\/\/www.homapex.com.tr\/index.php\/wp-json\/wp\/v2\/pages\/3469\/revisions"}],"predecessor-version":[{"id":3487,"href":"https:\/\/www.homapex.com.tr\/index.php\/wp-json\/wp\/v2\/pages\/3469\/revisions\/3487"}],"wp:attachment":[{"href":"https:\/\/www.homapex.com.tr\/index.php\/wp-json\/wp\/v2\/media?parent=3469"}],"curies":[{"name":"wp","href":"https:\/\/api.w.org\/{rel}","templated":true}]}}