{"id":3463,"date":"2022-07-17T16:54:38","date_gmt":"2022-07-17T13:54:38","guid":{"rendered":"https:\/\/www.homapex.com.tr\/?page_id=3463"},"modified":"2024-06-21T18:08:30","modified_gmt":"2024-06-21T15:08:30","slug":"duyurular","status":"publish","type":"page","link":"https:\/\/www.homapex.com.tr\/index.php\/duyurular\/","title":{"rendered":"Duyurular"},"content":{"rendered":"<div class=\"fusion-fullwidth fullwidth-box fusion-builder-row-1 fusion-flex-container nonhundred-percent-fullwidth non-hundred-percent-height-scrolling\" style=\"background-color: rgba(255,255,255,0);background-position: center center;background-repeat: no-repeat;border-width: 0px 0px 0px 0px;border-color:var(--awb-color3);border-style:solid;\" ><div class=\"fusion-builder-row fusion-row fusion-flex-align-items-flex-start\" style=\"max-width:1320.8px;margin-left: calc(-4% \/ 2 );margin-right: calc(-4% \/ 2 );\"><div class=\"fusion-layout-column fusion_builder_column fusion-builder-column-0 fusion_builder_column_1_3 1_3 fusion-flex-column\"><div class=\"fusion-column-wrapper fusion-flex-justify-content-flex-start fusion-content-layout-column\" style=\"background-position:left top;background-repeat:no-repeat;-webkit-background-size:cover;-moz-background-size:cover;-o-background-size:cover;background-size:cover;padding: 0px 0px 0px 0px;\"><i class=\"fb-icon-element-1 fb-icon-element fontawesome-icon fa-bullhorn fas circle-yes fusion-text-flow\" style=\"font-size:130.24px;line-height:258.48px;height:260.48px;width:260.48px;border-width:1px;border-radius:50% 50% 50% 50%;margin-right:74px;\"><\/i><style>i.fb-icon-element.fontawesome-icon.fb-icon-element-1{ color: var(--awb-color1); background-color: var(--awb-color7); border-color: rgba(255,255,255,0);}i.fb-icon-element.fontawesome-icon.fb-icon-element-1:hover { color: var(--awb-color1); background-color: var(--awb-color7); border-color: rgba(255,255,255,0);}<\/style><\/div><style type=\"text\/css\">.fusion-body .fusion-builder-column-0{width:33.333333333333% !important;margin-top : 25px;margin-bottom : 25px;}.fusion-builder-column-0 > .fusion-column-wrapper {padding-top : 0px !important;padding-right : 0px !important;margin-right : 5.76%;padding-bottom : 0px !important;padding-left : 0px !important;margin-left : 5.76%;}@media only screen and (max-width:1024px) {.fusion-body .fusion-builder-column-0{width:100% !important;order : 0;}.fusion-builder-column-0 > .fusion-column-wrapper {margin-right : 1.92%;margin-left : 1.92%;}}@media only screen and (max-width:640px) {.fusion-body .fusion-builder-column-0{width:100% !important;order : 0;}.fusion-builder-column-0 > .fusion-column-wrapper {margin-right : 1.92%;margin-left : 1.92%;}}<\/style><\/div><div class=\"fusion-layout-column fusion_builder_column fusion-builder-column-1 fusion_builder_column_2_3 2_3 fusion-flex-column\"><div class=\"fusion-column-wrapper fusion-flex-justify-content-flex-start fusion-content-layout-column\" style=\"background-position:left top;background-repeat:no-repeat;-webkit-background-size:cover;-moz-background-size:cover;-o-background-size:cover;background-size:cover;padding: 0px 0px 0px 0px;\"><ul class=\"fusion-checklist fusion-checklist-1\" style=\"font-size:14px;line-height:23.8px;\"><li style=\"background-color:rgba(255,255,255,0);\" class=\"fusion-li-item\"><span style=\"height:23.8px;width:23.8px;margin-right:9.8px;\" class=\"icon-wrapper circle-no\"><i class=\"fusion-li-icon fa-angle-right fas\" style=\"color:var(--awb-color7);\" aria-hidden=\"true\"><\/i><\/span><div class=\"fusion-li-item-content\" style=\"margin-left:33.6px;color:var(--awb-color6);\">Web Sitemiz yenilenmi\u015ftir.<\/div><\/li><li style=\"background-color:rgba(255,255,255,0);\" class=\"fusion-li-item\"><span style=\"height:23.8px;width:23.8px;margin-right:9.8px;\" class=\"icon-wrapper circle-no\"><i class=\"fusion-li-icon fa-angle-right fas\" style=\"color:var(--awb-color7);\" aria-hidden=\"true\"><\/i><\/span><div class=\"fusion-li-item-content\" style=\"margin-left:33.6px;color:var(--awb-color6);\">\n<p>15-18 Eyl\u00fcl 2022 tarihleri aras\u0131nda Zuchex 32. Uluslararas\u0131 Ev ve Mutfak e\u015fyalar\u0131 fuar\u0131nday\u0131z. \u0130stanbul-B\u00fcy\u00fck\u00e7ekmece T\u00fcyap fuar merkezinde ger\u00e7ekle\u015ftirilecek olan organizasyonda Hall 11 \/ B-30 stand\u0131m\u0131zda siz de\u011ferli konuklar\u0131m\u0131z\u0131 a\u011f\u0131rlamaktan memnuniyet duyar\u0131z. Online davetiye formu i\u00e7in <strong><a href=\"https:\/\/www.zuchex.com\/online-davetiye.html\">https:\/\/www.zuchex.com\/online-davetiye.html<\/a>\u00a0<\/strong>adresinden kay\u0131t olabilirsiniz.<\/p>\n<\/div><\/li><li style=\"background-color:rgba(255,255,255,0);\" class=\"fusion-li-item\"><span style=\"height:23.8px;width:23.8px;margin-right:9.8px;\" class=\"icon-wrapper circle-no\"><i class=\"fusion-li-icon fa-angle-right fas\" style=\"color:var(--awb-color7);\" aria-hidden=\"true\"><\/i><\/span><div class=\"fusion-li-item-content\" style=\"margin-left:33.6px;color:var(--awb-color6);\">9-12 Mart 2023 tarihleri aras\u0131nda Host \u0130stanbul 15. Uluslararas\u0131 Ev ve Mutfak e\u015fyas\u0131 \u00fcreticileri fuar\u0131nday\u0131z. \u0130stanbul-B\u00fcy\u00fck\u00e7ekmece T\u00fcyap fuar merkezinde ger\u00e7ekle\u015ftirilecek olan organizasyonda Hall 12 \/ M-38 stand\u0131m\u0131zda siz de\u011ferli konuklar\u0131m\u0131z\u0131 a\u011f\u0131rlamaktan memnuniyet duyar\u0131z.<\/div><\/li><li style=\"background-color:rgba(255,255,255,0);\" class=\"fusion-li-item\"><span style=\"height:23.8px;width:23.8px;margin-right:9.8px;\" class=\"icon-wrapper circle-no\"><i class=\"fusion-li-icon fa-angle-right fas\" style=\"color:var(--awb-color7);\" aria-hidden=\"true\"><\/i><\/span><div class=\"fusion-li-item-content\" style=\"margin-left:33.6px;color:var(--awb-color6);\">14-17 Eyl\u00fcl 2023 tarihleri aras\u0131nda Zuchex 33. Uluslararas\u0131 Ev ve Mutfak e\u015fyalar\u0131 fuar\u0131nday\u0131z. \u0130stanbul-B\u00fcy\u00fck\u00e7ekmece T\u00fcyap fuar merkezinde ger\u00e7ekle\u015ftirilecek olan organizasyonda Hall 11-A \/ D-60 stand\u0131m\u0131zda siz de\u011ferli konuklar\u0131m\u0131z\u0131 a\u011f\u0131rlamaktan memnuniyet duyar\u0131z. Online davetiye formu i\u00e7in <strong><a href=\"https:\/\/www.zuchex.com\/online-davetiye.html\">https:\/\/www.zuchex.com\/online-davetiye.html<\/a>\u00a0<\/strong>adresinden kay\u0131t olabilirsiniz.<\/div><\/li><li style=\"background-color:rgba(255,255,255,0);\" class=\"fusion-li-item\"><span style=\"height:23.8px;width:23.8px;margin-right:9.8px;\" class=\"icon-wrapper circle-no\"><i class=\"fusion-li-icon fa-angle-right fas\" style=\"color:var(--awb-color7);\" aria-hidden=\"true\"><\/i><\/span><div class=\"fusion-li-item-content\" style=\"margin-left:33.6px;color:var(--awb-color6);\">15-18 \u015eubat 2024 tarihleri aras\u0131nda Host \u0130stanbul 16. Uluslararas\u0131 Ev ve Mutfak e\u015fyas\u0131 \u00fcreticileri fuar\u0131nday\u0131z. \u0130stanbul-B\u00fcy\u00fck\u00e7ekmece T\u00fcyap fuar merkezinde ger\u00e7ekle\u015ftirilecek olan organizasyonda Hall 12 \/ K-60 stand\u0131m\u0131zda siz de\u011ferli konuklar\u0131m\u0131z\u0131 a\u011f\u0131rlamaktan memnuniyet duyar\u0131z.<\/div><\/li><\/ul><\/div><style type=\"text\/css\">.fusion-body .fusion-builder-column-1{width:66.666666666667% !important;margin-top : 25px;margin-bottom : 25px;}.fusion-builder-column-1 > .fusion-column-wrapper {padding-top : 0px !important;padding-right : 0px !important;margin-right : 2.88%;padding-bottom : 0px !important;padding-left : 0px !important;margin-left : 2.88%;}@media only screen and (max-width:1024px) {.fusion-body .fusion-builder-column-1{width:100% !important;order : 0;}.fusion-builder-column-1 > .fusion-column-wrapper {margin-right : 1.92%;margin-left : 1.92%;}}@media only screen and (max-width:640px) {.fusion-body .fusion-builder-column-1{width:100% !important;order : 0;}.fusion-builder-column-1 > .fusion-column-wrapper {margin-right : 1.92%;margin-left : 1.92%;}}<\/style><\/div><\/div><style type=\"text\/css\">.fusion-body .fusion-flex-container.fusion-builder-row-1{ padding-top : 20px;margin-top : 0px;padding-right : 0px;padding-bottom : 20px;margin-bottom : 0px;padding-left : 0px;}<\/style><\/div>\n","protected":false},"excerpt":{"rendered":"","protected":false},"author":1,"featured_media":0,"parent":0,"menu_order":0,"comment_status":"closed","ping_status":"closed","template":"","meta":{"_bbp_topic_count":0,"_bbp_reply_count":0,"_bbp_total_topic_count":0,"_bbp_total_reply_count":0,"_bbp_voice_count":0,"_bbp_anonymous_reply_count":0,"_bbp_topic_count_hidden":0,"_bbp_reply_count_hidden":0,"_bbp_forum_subforum_count":0,"content-type":"","footnotes":""},"class_list":["post-3463","page","type-page","status-publish","hentry"],"acf":[],"yoast_head":"<!-- This site is optimized with the Yoast SEO plugin v19.0 - https:\/\/yoast.com\/wordpress\/plugins\/seo\/ -->\n<title>Duyurular - Homapex Practical Home Items<\/title>\n<meta name=\"robots\" content=\"index, follow, max-snippet:-1, max-image-preview:large, max-video-preview:-1\" \/>\n<link rel=\"canonical\" href=\"https:\/\/www.homapex.com.tr\/index.php\/duyurular\/\" \/>\n<meta property=\"og:locale\" content=\"tr_TR\" \/>\n<meta property=\"og:type\" content=\"article\" \/>\n<meta property=\"og:title\" content=\"Duyurular - Homapex Practical Home Items\" \/>\n<meta property=\"og:url\" content=\"https:\/\/www.homapex.com.tr\/index.php\/duyurular\/\" \/>\n<meta property=\"og:site_name\" content=\"Homapex Practical Home Items\" \/>\n<meta property=\"article:modified_time\" content=\"2024-06-21T15:08:30+00:00\" \/>\n<meta name=\"twitter:card\" content=\"summary_large_image\" \/>\n<meta name=\"twitter:label1\" content=\"Tahmini okuma s\u00fcresi\" \/>\n\t<meta name=\"twitter:data1\" content=\"4 dakika\" \/>\n<script type=\"application\/ld+json\" class=\"yoast-schema-graph\">{\"@context\":\"https:\/\/schema.org\",\"@graph\":[{\"@type\":\"Organization\",\"@id\":\"https:\/\/www.homapex.com.tr\/#organization\",\"name\":\"Homapex\",\"url\":\"https:\/\/www.homapex.com.tr\/\",\"sameAs\":[],\"logo\":{\"@type\":\"ImageObject\",\"inLanguage\":\"tr\",\"@id\":\"https:\/\/www.homapex.com.tr\/#\/schema\/logo\/image\/\",\"url\":\"https:\/\/www.homapex.com.tr\/wp-content\/uploads\/2022\/07\/HOMAPEX.jpg\",\"contentUrl\":\"https:\/\/www.homapex.com.tr\/wp-content\/uploads\/2022\/07\/HOMAPEX.jpg\",\"width\":1920,\"height\":1080,\"caption\":\"Homapex\"},\"image\":{\"@id\":\"https:\/\/www.homapex.com.tr\/#\/schema\/logo\/image\/\"}},{\"@type\":\"WebSite\",\"@id\":\"https:\/\/www.homapex.com.tr\/#website\",\"url\":\"https:\/\/www.homapex.com.tr\/\",\"name\":\"Homapex Practical Home Items\",\"description\":\"Evinizin ihtiyac\u0131 de\u011fil, vazge\u00e7ilmezi\",\"publisher\":{\"@id\":\"https:\/\/www.homapex.com.tr\/#organization\"},\"potentialAction\":[{\"@type\":\"SearchAction\",\"target\":{\"@type\":\"EntryPoint\",\"urlTemplate\":\"https:\/\/www.homapex.com.tr\/?s={search_term_string}\"},\"query-input\":\"required name=search_term_string\"}],\"inLanguage\":\"tr\"},{\"@type\":\"WebPage\",\"@id\":\"https:\/\/www.homapex.com.tr\/index.php\/duyurular\/#webpage\",\"url\":\"https:\/\/www.homapex.com.tr\/index.php\/duyurular\/\",\"name\":\"Duyurular - Homapex Practical Home Items\",\"isPartOf\":{\"@id\":\"https:\/\/www.homapex.com.tr\/#website\"},\"datePublished\":\"2022-07-17T13:54:38+00:00\",\"dateModified\":\"2024-06-21T15:08:30+00:00\",\"breadcrumb\":{\"@id\":\"https:\/\/www.homapex.com.tr\/index.php\/duyurular\/#breadcrumb\"},\"inLanguage\":\"tr\",\"potentialAction\":[{\"@type\":\"ReadAction\",\"target\":[\"https:\/\/www.homapex.com.tr\/index.php\/duyurular\/\"]}]},{\"@type\":\"BreadcrumbList\",\"@id\":\"https:\/\/www.homapex.com.tr\/index.php\/duyurular\/#breadcrumb\",\"itemListElement\":[{\"@type\":\"ListItem\",\"position\":1,\"name\":\"Anasayfa\",\"item\":\"https:\/\/www.homapex.com.tr\/\"},{\"@type\":\"ListItem\",\"position\":2,\"name\":\"Duyurular\"}]}]}<\/script>\n<!-- \/ Yoast SEO plugin. -->","yoast_head_json":{"title":"Duyurular - Homapex Practical Home Items","robots":{"index":"index","follow":"follow","max-snippet":"max-snippet:-1","max-image-preview":"max-image-preview:large","max-video-preview":"max-video-preview:-1"},"canonical":"https:\/\/www.homapex.com.tr\/index.php\/duyurular\/","og_locale":"tr_TR","og_type":"article","og_title":"Duyurular - Homapex Practical Home Items","og_url":"https:\/\/www.homapex.com.tr\/index.php\/duyurular\/","og_site_name":"Homapex Practical Home Items","article_modified_time":"2024-06-21T15:08:30+00:00","twitter_card":"summary_large_image","twitter_misc":{"Tahmini okuma s\u00fcresi":"4 dakika"},"schema":{"@context":"https:\/\/schema.org","@graph":[{"@type":"Organization","@id":"https:\/\/www.homapex.com.tr\/#organization","name":"Homapex","url":"https:\/\/www.homapex.com.tr\/","sameAs":[],"logo":{"@type":"ImageObject","inLanguage":"tr","@id":"https:\/\/www.homapex.com.tr\/#\/schema\/logo\/image\/","url":"https:\/\/www.homapex.com.tr\/wp-content\/uploads\/2022\/07\/HOMAPEX.jpg","contentUrl":"https:\/\/www.homapex.com.tr\/wp-content\/uploads\/2022\/07\/HOMAPEX.jpg","width":1920,"height":1080,"caption":"Homapex"},"image":{"@id":"https:\/\/www.homapex.com.tr\/#\/schema\/logo\/image\/"}},{"@type":"WebSite","@id":"https:\/\/www.homapex.com.tr\/#website","url":"https:\/\/www.homapex.com.tr\/","name":"Homapex Practical Home Items","description":"Evinizin ihtiyac\u0131 de\u011fil, vazge\u00e7ilmezi","publisher":{"@id":"https:\/\/www.homapex.com.tr\/#organization"},"potentialAction":[{"@type":"SearchAction","target":{"@type":"EntryPoint","urlTemplate":"https:\/\/www.homapex.com.tr\/?s={search_term_string}"},"query-input":"required name=search_term_string"}],"inLanguage":"tr"},{"@type":"WebPage","@id":"https:\/\/www.homapex.com.tr\/index.php\/duyurular\/#webpage","url":"https:\/\/www.homapex.com.tr\/index.php\/duyurular\/","name":"Duyurular - Homapex Practical Home Items","isPartOf":{"@id":"https:\/\/www.homapex.com.tr\/#website"},"datePublished":"2022-07-17T13:54:38+00:00","dateModified":"2024-06-21T15:08:30+00:00","breadcrumb":{"@id":"https:\/\/www.homapex.com.tr\/index.php\/duyurular\/#breadcrumb"},"inLanguage":"tr","potentialAction":[{"@type":"ReadAction","target":["https:\/\/www.homapex.com.tr\/index.php\/duyurular\/"]}]},{"@type":"BreadcrumbList","@id":"https:\/\/www.homapex.com.tr\/index.php\/duyurular\/#breadcrumb","itemListElement":[{"@type":"ListItem","position":1,"name":"Anasayfa","item":"https:\/\/www.homapex.com.tr\/"},{"@type":"ListItem","position":2,"name":"Duyurular"}]}]}},"_links":{"self":[{"href":"https:\/\/www.homapex.com.tr\/index.php\/wp-json\/wp\/v2\/pages\/3463","targetHints":{"allow":["GET"]}}],"collection":[{"href":"https:\/\/www.homapex.com.tr\/index.php\/wp-json\/wp\/v2\/pages"}],"about":[{"href":"https:\/\/www.homapex.com.tr\/index.php\/wp-json\/wp\/v2\/types\/page"}],"author":[{"embeddable":true,"href":"https:\/\/www.homapex.com.tr\/index.php\/wp-json\/wp\/v2\/users\/1"}],"replies":[{"embeddable":true,"href":"https:\/\/www.homapex.com.tr\/index.php\/wp-json\/wp\/v2\/comments?post=3463"}],"version-history":[{"count":5,"href":"https:\/\/www.homapex.com.tr\/index.php\/wp-json\/wp\/v2\/pages\/3463\/revisions"}],"predecessor-version":[{"id":3864,"href":"https:\/\/www.homapex.com.tr\/index.php\/wp-json\/wp\/v2\/pages\/3463\/revisions\/3864"}],"wp:attachment":[{"href":"https:\/\/www.homapex.com.tr\/index.php\/wp-json\/wp\/v2\/media?parent=3463"}],"curies":[{"name":"wp","href":"https:\/\/api.w.org\/{rel}","templated":true}]}}