{"id":3424,"date":"2022-07-16T19:28:36","date_gmt":"2022-07-16T16:28:36","guid":{"rendered":"https:\/\/www.homapex.com.tr\/?page_id=3424"},"modified":"2024-10-29T02:22:00","modified_gmt":"2024-10-28T23:22:00","slug":"camasirkurutmaliklari","status":"publish","type":"page","link":"https:\/\/www.homapex.com.tr\/index.php\/urunler\/camasirkurutmaliklari\/","title":{"rendered":"\u00c7ama\u015f\u0131r Kurutmal\u0131klar\u0131"},"content":{"rendered":"<p><div class=\"fusion-fullwidth fullwidth-box fusion-builder-row-1 fusion-flex-container nonhundred-percent-fullwidth non-hundred-percent-height-scrolling\" style=\"background-color: rgba(255,255,255,0);background-position: center center;background-repeat: no-repeat;border-width: 0px 0px 0px 0px;border-color:var(--awb-color3);border-style:solid;\" ><div class=\"fusion-builder-row fusion-row fusion-flex-align-items-flex-start\" style=\"max-width:1320.8px;margin-left: calc(-4% \/ 2 );margin-right: calc(-4% \/ 2 );\"><div class=\"fusion-layout-column fusion_builder_column fusion-builder-column-0 fusion_builder_column_1_1 1_1 fusion-flex-column\"><div class=\"fusion-column-wrapper fusion-flex-justify-content-flex-start fusion-content-layout-column\" style=\"background-position:left top;background-repeat:no-repeat;-webkit-background-size:cover;-moz-background-size:cover;-o-background-size:cover;background-size:cover;padding: 0px 0px 0px 0px;\"><\/div><style type=\"text\/css\">.fusion-body .fusion-builder-column-0{width:100% !important;margin-top : 0px;margin-bottom : 0px;}.fusion-builder-column-0 > .fusion-column-wrapper {padding-top : 0px !important;padding-right : 0px !important;margin-right : 0%;padding-bottom : 0px !important;padding-left : 0px !important;margin-left : 0%;}@media only screen and (max-width:1024px) {.fusion-body .fusion-builder-column-0{width:100% !important;order : 0;}.fusion-builder-column-0 > .fusion-column-wrapper {margin-right : 1.92%;margin-left : 1.92%;}}@media only screen and (max-width:640px) {.fusion-body .fusion-builder-column-0{width:100% !important;order : 0;}.fusion-builder-column-0 > .fusion-column-wrapper {margin-right : 1.92%;margin-left : 1.92%;}}<\/style><\/div><\/div><style type=\"text\/css\">.fusion-body .fusion-flex-container.fusion-builder-row-1{ padding-top : 0px;margin-top : 0px;padding-right : 0px;padding-bottom : 0px;margin-bottom : 0px;padding-left : 0px;}<\/style><\/div><div class=\"fusion-fullwidth fullwidth-box fusion-builder-row-2 fusion-flex-container nonhundred-percent-fullwidth non-hundred-percent-height-scrolling\" style=\"background-color: rgba(255,255,255,0);background-position: center center;background-repeat: no-repeat;border-width: 0px 0px 0px 0px;border-color:var(--awb-color3);border-style:solid;\" ><div class=\"fusion-builder-row fusion-row fusion-flex-align-items-flex-start\" style=\"max-width:1320.8px;margin-left: calc(-4% \/ 2 );margin-right: calc(-4% \/ 2 );\"><div class=\"fusion-layout-column fusion_builder_column fusion-builder-column-1 fusion_builder_column_1_4 1_4 fusion-flex-column\"><div class=\"fusion-column-wrapper fusion-flex-justify-content-flex-start fusion-content-layout-column\" style=\"background-position:left top;background-repeat:no-repeat;-webkit-background-size:cover;-moz-background-size:cover;-o-background-size:cover;background-size:cover;padding: 0px 0px 0px 0px;\"><div class=\" awb-imageframe-style awb-imageframe-style-below awb-imageframe-style-1\"><style>.awb-imageframe-style.awb-imageframe-style-1 .awb-imageframe-caption-container .awb-imageframe-caption-title{color:#000000 !important;font-family:\"Abel\" !important;font-weight:400 !important;text-transform:none !important;}.awb-imageframe-style.awb-imageframe-style-1 .awb-imageframe-caption-container .awb-imageframe-caption-text{color:#000000;font-family:\"Aleo\";font-weight:300;margin-top:0.5em;}<\/style><span class=\" fusion-imageframe imageframe-none imageframe-1 hover-type-none fusion-animated\" data-animationType=\"slideInLeft\" data-animationDuration=\"0.7\" data-animationOffset=\"top-into-view\"><a class=\"fusion-no-lightbox\" href=\"https:\/\/www.homapex.com.tr\/index.php\/urunler\/camasirkurutmaliklari\/panacea\/\" target=\"_self\" aria-label=\"HMP-1001-03-BEYAZ-TRENDYOL\"><img decoding=\"async\" width=\"1071\" height=\"1631\" src=\"https:\/\/www.homapex.com.tr\/wp-content\/uploads\/2024\/06\/HMP-1001-03-BEYAZ-TRENDYOL-e1719654132342.png\" alt class=\"img-responsive wp-image-3919 disable-lazyload\" srcset=\"https:\/\/www.homapex.com.tr\/wp-content\/uploads\/2024\/06\/HMP-1001-03-BEYAZ-TRENDYOL-e1719654132342-200x305.png 200w, https:\/\/www.homapex.com.tr\/wp-content\/uploads\/2024\/06\/HMP-1001-03-BEYAZ-TRENDYOL-e1719654132342-400x609.png 400w, https:\/\/www.homapex.com.tr\/wp-content\/uploads\/2024\/06\/HMP-1001-03-BEYAZ-TRENDYOL-e1719654132342-600x914.png 600w, https:\/\/www.homapex.com.tr\/wp-content\/uploads\/2024\/06\/HMP-1001-03-BEYAZ-TRENDYOL-e1719654132342-800x1218.png 800w, https:\/\/www.homapex.com.tr\/wp-content\/uploads\/2024\/06\/HMP-1001-03-BEYAZ-TRENDYOL-e1719654132342.png 1071w\" sizes=\"(max-width: 1024px) 100vw, (max-width: 640px) 100vw, 400px\" \/><\/a><\/span><div class=\"awb-imageframe-caption-container\" style=\"text-align:center;\"><div class=\"awb-imageframe-caption\"><h5 class=\"awb-imageframe-caption-title\">PANACEA<\/h5><p class=\"awb-imageframe-caption-text\">HMPX-1001<\/p><\/div><\/div><\/div><\/div><style type=\"text\/css\">.fusion-body .fusion-builder-column-1{width:25% !important;margin-top : 25px;margin-bottom : 25px;}.fusion-builder-column-1 > .fusion-column-wrapper {padding-top : 0px !important;padding-right : 0px !important;margin-right : 7.68%;padding-bottom : 0px !important;padding-left : 0px !important;margin-left : 7.68%;}@media only screen and (max-width:1024px) {.fusion-body .fusion-builder-column-1{width:100% !important;order : 0;}.fusion-builder-column-1 > .fusion-column-wrapper {margin-right : 1.92%;margin-left : 1.92%;}}@media only screen and (max-width:640px) {.fusion-body .fusion-builder-column-1{width:100% !important;order : 0;}.fusion-builder-column-1 > .fusion-column-wrapper {margin-right : 1.92%;margin-left : 1.92%;}}<\/style><\/div><div class=\"fusion-layout-column fusion_builder_column fusion-builder-column-2 fusion_builder_column_1_4 1_4 fusion-flex-column\"><div class=\"fusion-column-wrapper fusion-flex-justify-content-flex-start fusion-content-layout-column\" style=\"background-position:left top;background-repeat:no-repeat;-webkit-background-size:cover;-moz-background-size:cover;-o-background-size:cover;background-size:cover;padding: 0px 0px 0px 0px;\"><div class=\" awb-imageframe-style awb-imageframe-style-below awb-imageframe-style-2\"><style>.awb-imageframe-style.awb-imageframe-style-2 .awb-imageframe-caption-container .awb-imageframe-caption-title{color:#000000 !important;font-family:\"Abel\" !important;font-weight:400 !important;text-transform:none !important;}.awb-imageframe-style.awb-imageframe-style-2 .awb-imageframe-caption-container .awb-imageframe-caption-text{color:#000000;font-family:\"Aleo\";font-weight:300;margin-top:0.5em;}<\/style><span class=\" fusion-imageframe imageframe-none imageframe-2 hover-type-none fusion-animated\" data-animationType=\"slideInLeft\" data-animationDuration=\"0.7\" data-animationOffset=\"top-into-view\"><a class=\"fusion-no-lightbox\" href=\"https:\/\/www.homapex.com.tr\/index.php\/urunler\/camasirkurutmaliklari\/panacea\/\" target=\"_self\" aria-label=\"HMP-1002-03-BEYAZ-TRENDYOL\"><img decoding=\"async\" width=\"1075\" height=\"1625\" src=\"https:\/\/www.homapex.com.tr\/wp-content\/uploads\/2024\/06\/HMP-1002-03-BEYAZ-TRENDYOL-e1719661846359.png\" data-orig-src=\"https:\/\/www.homapex.com.tr\/wp-content\/uploads\/2024\/06\/HMP-1002-03-BEYAZ-TRENDYOL-e1719661846359.png\" alt class=\"lazyload img-responsive wp-image-3926\" srcset=\"data:image\/svg+xml,%3Csvg%20xmlns%3D%27http%3A%2F%2Fwww.w3.org%2F2000%2Fsvg%27%20width%3D%271075%27%20height%3D%271625%27%20viewBox%3D%270%200%201075%201625%27%3E%3Crect%20width%3D%271075%27%20height%3D%271625%27%20fill-opacity%3D%220%22%2F%3E%3C%2Fsvg%3E\" data-srcset=\"https:\/\/www.homapex.com.tr\/wp-content\/uploads\/2024\/06\/HMP-1002-03-BEYAZ-TRENDYOL-e1719661846359-200x302.png 200w, https:\/\/www.homapex.com.tr\/wp-content\/uploads\/2024\/06\/HMP-1002-03-BEYAZ-TRENDYOL-e1719661846359-400x605.png 400w, https:\/\/www.homapex.com.tr\/wp-content\/uploads\/2024\/06\/HMP-1002-03-BEYAZ-TRENDYOL-e1719661846359-600x907.png 600w, https:\/\/www.homapex.com.tr\/wp-content\/uploads\/2024\/06\/HMP-1002-03-BEYAZ-TRENDYOL-e1719661846359-800x1209.png 800w, https:\/\/www.homapex.com.tr\/wp-content\/uploads\/2024\/06\/HMP-1002-03-BEYAZ-TRENDYOL-e1719661846359.png 1075w\" data-sizes=\"auto\" data-orig-sizes=\"(max-width: 1024px) 100vw, (max-width: 640px) 100vw, 400px\" \/><\/a><\/span><div class=\"awb-imageframe-caption-container\" style=\"text-align:center;\"><div class=\"awb-imageframe-caption\"><h5 class=\"awb-imageframe-caption-title\">FELICITY<\/h5><p class=\"awb-imageframe-caption-text\">HMPX-1002<\/p><\/div><\/div><style type=\"text\/css\">.imageframe-2{filter: saturate(101%);transition: filter 0.3s ease;}.imageframe-2:hover{filter: saturate(101%);}<\/style><\/div><\/div><style type=\"text\/css\">.fusion-body .fusion-builder-column-2{width:25% !important;margin-top : 25px;margin-bottom : 25px;}.fusion-builder-column-2 > .fusion-column-wrapper {padding-top : 0px !important;padding-right : 0px !important;margin-right : 7.68%;padding-bottom : 0px !important;padding-left : 0px !important;margin-left : 7.68%;}@media only screen and (max-width:1024px) {.fusion-body .fusion-builder-column-2{width:100% !important;order : 0;}.fusion-builder-column-2 > .fusion-column-wrapper {margin-right : 1.92%;margin-left : 1.92%;}}@media only screen and (max-width:640px) {.fusion-body .fusion-builder-column-2{width:100% !important;order : 0;}.fusion-builder-column-2 > .fusion-column-wrapper {margin-right : 1.92%;margin-left : 1.92%;}}<\/style><\/div><div class=\"fusion-layout-column fusion_builder_column fusion-builder-column-3 fusion_builder_column_1_4 1_4 fusion-flex-column\"><div class=\"fusion-column-wrapper fusion-flex-justify-content-flex-start fusion-content-layout-column\" style=\"background-position:left top;background-repeat:no-repeat;-webkit-background-size:cover;-moz-background-size:cover;-o-background-size:cover;background-size:cover;padding: 0px 0px 0px 0px;\"><div class=\" awb-imageframe-style awb-imageframe-style-below awb-imageframe-style-3\"><style>.awb-imageframe-style.awb-imageframe-style-3 .awb-imageframe-caption-container .awb-imageframe-caption-title{color:#000000 !important;font-family:\"Abel\" !important;font-weight:400 !important;text-transform:none !important;}.awb-imageframe-style.awb-imageframe-style-3 .awb-imageframe-caption-container .awb-imageframe-caption-text{color:#000000;font-family:\"Aleo\";font-weight:300;margin-top:0.5em;}<\/style><span class=\" fusion-imageframe imageframe-none imageframe-3 hover-type-none fusion-animated\" data-animationType=\"slideInLeft\" data-animationDuration=\"0.7\" data-animationOffset=\"top-into-view\"><a class=\"fusion-no-lightbox\" href=\"https:\/\/www.homapex.com.tr\/index.php\/urunler\/camasirkurutmaliklari\/panacea\/\" target=\"_self\" aria-label=\"HMP-1003-02-BEYAZ-TRENDYOL\"><img decoding=\"async\" width=\"1074\" height=\"1631\" src=\"https:\/\/www.homapex.com.tr\/wp-content\/uploads\/2024\/06\/HMP-1003-02-BEYAZ-TRENDYOL-e1719654258506.png\" data-orig-src=\"https:\/\/www.homapex.com.tr\/wp-content\/uploads\/2024\/06\/HMP-1003-02-BEYAZ-TRENDYOL-e1719654258506.png\" alt class=\"lazyload img-responsive wp-image-3920\" srcset=\"data:image\/svg+xml,%3Csvg%20xmlns%3D%27http%3A%2F%2Fwww.w3.org%2F2000%2Fsvg%27%20width%3D%271074%27%20height%3D%271631%27%20viewBox%3D%270%200%201074%201631%27%3E%3Crect%20width%3D%271074%27%20height%3D%271631%27%20fill-opacity%3D%220%22%2F%3E%3C%2Fsvg%3E\" data-srcset=\"https:\/\/www.homapex.com.tr\/wp-content\/uploads\/2024\/06\/HMP-1003-02-BEYAZ-TRENDYOL-e1719654258506-200x304.png 200w, https:\/\/www.homapex.com.tr\/wp-content\/uploads\/2024\/06\/HMP-1003-02-BEYAZ-TRENDYOL-e1719654258506-400x607.png 400w, https:\/\/www.homapex.com.tr\/wp-content\/uploads\/2024\/06\/HMP-1003-02-BEYAZ-TRENDYOL-e1719654258506-600x911.png 600w, https:\/\/www.homapex.com.tr\/wp-content\/uploads\/2024\/06\/HMP-1003-02-BEYAZ-TRENDYOL-e1719654258506-800x1215.png 800w, https:\/\/www.homapex.com.tr\/wp-content\/uploads\/2024\/06\/HMP-1003-02-BEYAZ-TRENDYOL-e1719654258506.png 1074w\" data-sizes=\"auto\" data-orig-sizes=\"(max-width: 1024px) 100vw, (max-width: 640px) 100vw, 400px\" \/><\/a><\/span><div class=\"awb-imageframe-caption-container\" style=\"text-align:center;\"><div class=\"awb-imageframe-caption\"><h5 class=\"awb-imageframe-caption-title\">LISSOME<\/h5><p class=\"awb-imageframe-caption-text\">HMPX-1003<\/p><\/div><\/div><style type=\"text\/css\">.imageframe-3{filter: saturate(101%);transition: filter 0.3s ease;}.imageframe-3:hover{filter: saturate(101%);}<\/style><\/div><\/div><style type=\"text\/css\">.fusion-body .fusion-builder-column-3{width:25% !important;margin-top : 25px;margin-bottom : 25px;}.fusion-builder-column-3 > .fusion-column-wrapper {padding-top : 0px !important;padding-right : 0px !important;margin-right : 7.68%;padding-bottom : 0px !important;padding-left : 0px !important;margin-left : 7.68%;}@media only screen and (max-width:1024px) {.fusion-body .fusion-builder-column-3{width:100% !important;order : 0;}.fusion-builder-column-3 > .fusion-column-wrapper {margin-right : 1.92%;margin-left : 1.92%;}}@media only screen and (max-width:640px) {.fusion-body .fusion-builder-column-3{width:100% !important;order : 0;}.fusion-builder-column-3 > .fusion-column-wrapper {margin-right : 1.92%;margin-left : 1.92%;}}<\/style><\/div><div class=\"fusion-layout-column fusion_builder_column fusion-builder-column-4 fusion_builder_column_1_4 1_4 fusion-flex-column\"><div class=\"fusion-column-wrapper fusion-flex-justify-content-flex-start fusion-content-layout-column\" style=\"background-position:left top;background-repeat:no-repeat;-webkit-background-size:cover;-moz-background-size:cover;-o-background-size:cover;background-size:cover;padding: 0px 0px 0px 0px;\"><div class=\" awb-imageframe-style awb-imageframe-style-below awb-imageframe-style-4\"><style>.awb-imageframe-style.awb-imageframe-style-4 .awb-imageframe-caption-container .awb-imageframe-caption-title{color:#000000 !important;font-family:\"Abel\" !important;font-weight:400 !important;text-transform:none !important;}.awb-imageframe-style.awb-imageframe-style-4 .awb-imageframe-caption-container .awb-imageframe-caption-text{color:#000000;font-family:\"Aleo\";font-weight:300;margin-top:0.5em;}<\/style><span class=\" fusion-imageframe imageframe-none imageframe-4 hover-type-none fusion-animated\" data-animationType=\"slideInLeft\" data-animationDuration=\"0.7\" data-animationOffset=\"top-into-view\"><a class=\"fusion-no-lightbox\" href=\"https:\/\/www.homapex.com.tr\/index.php\/urunler\/camasirkurutmaliklari\/panacea\/\" target=\"_self\" aria-label=\"HMP-1004-01-BEYAZ-TRENDYOL\"><img decoding=\"async\" width=\"1065\" height=\"1619\" src=\"https:\/\/www.homapex.com.tr\/wp-content\/uploads\/2024\/06\/HMP-1004-01-BEYAZ-TRENDYOL-e1719653610701.png\" data-orig-src=\"https:\/\/www.homapex.com.tr\/wp-content\/uploads\/2024\/06\/HMP-1004-01-BEYAZ-TRENDYOL-e1719653610701.png\" alt class=\"lazyload img-responsive wp-image-3923\" srcset=\"data:image\/svg+xml,%3Csvg%20xmlns%3D%27http%3A%2F%2Fwww.w3.org%2F2000%2Fsvg%27%20width%3D%271065%27%20height%3D%271619%27%20viewBox%3D%270%200%201065%201619%27%3E%3Crect%20width%3D%271065%27%20height%3D%271619%27%20fill-opacity%3D%220%22%2F%3E%3C%2Fsvg%3E\" data-srcset=\"https:\/\/www.homapex.com.tr\/wp-content\/uploads\/2024\/06\/HMP-1004-01-BEYAZ-TRENDYOL-e1719653610701-200x304.png 200w, https:\/\/www.homapex.com.tr\/wp-content\/uploads\/2024\/06\/HMP-1004-01-BEYAZ-TRENDYOL-e1719653610701-400x608.png 400w, https:\/\/www.homapex.com.tr\/wp-content\/uploads\/2024\/06\/HMP-1004-01-BEYAZ-TRENDYOL-e1719653610701-600x912.png 600w, https:\/\/www.homapex.com.tr\/wp-content\/uploads\/2024\/06\/HMP-1004-01-BEYAZ-TRENDYOL-e1719653610701-800x1216.png 800w, https:\/\/www.homapex.com.tr\/wp-content\/uploads\/2024\/06\/HMP-1004-01-BEYAZ-TRENDYOL-e1719653610701.png 1065w\" data-sizes=\"auto\" data-orig-sizes=\"(max-width: 1024px) 100vw, (max-width: 640px) 100vw, 400px\" \/><\/a><\/span><div class=\"awb-imageframe-caption-container\" style=\"text-align:center;\"><div class=\"awb-imageframe-caption\"><h5 class=\"awb-imageframe-caption-title\">GLAMOUR<\/h5><p class=\"awb-imageframe-caption-text\">HMPX-1004<\/p><\/div><\/div><style type=\"text\/css\">.imageframe-4{filter: saturate(100%);transition: filter 0.3s ease;}.imageframe-4:hover{filter: saturate(101%);}<\/style><\/div><\/div><style type=\"text\/css\">.fusion-body .fusion-builder-column-4{width:25% !important;margin-top : 25px;margin-bottom : 25px;}.fusion-builder-column-4 > .fusion-column-wrapper {padding-top : 0px !important;padding-right : 0px !important;margin-right : 7.68%;padding-bottom : 0px !important;padding-left : 0px !important;margin-left : 7.68%;}@media only screen and (max-width:1024px) {.fusion-body .fusion-builder-column-4{width:100% !important;order : 0;}.fusion-builder-column-4 > .fusion-column-wrapper {margin-right : 1.92%;margin-left : 1.92%;}}@media only screen and (max-width:640px) {.fusion-body .fusion-builder-column-4{width:100% !important;order : 0;}.fusion-builder-column-4 > .fusion-column-wrapper {margin-right : 1.92%;margin-left : 1.92%;}}<\/style><\/div><\/div><style type=\"text\/css\">.fusion-body .fusion-flex-container.fusion-builder-row-2{ padding-top : 20px;margin-top : 0px;padding-right : 0px;padding-bottom : 20px;margin-bottom : 0px;padding-left : 0px;}<\/style><\/div><\/p>\n","protected":false},"excerpt":{"rendered":"","protected":false},"author":1,"featured_media":0,"parent":3033,"menu_order":0,"comment_status":"closed","ping_status":"closed","template":"","meta":{"_bbp_topic_count":0,"_bbp_reply_count":0,"_bbp_total_topic_count":0,"_bbp_total_reply_count":0,"_bbp_voice_count":0,"_bbp_anonymous_reply_count":0,"_bbp_topic_count_hidden":0,"_bbp_reply_count_hidden":0,"_bbp_forum_subforum_count":0,"content-type":"","footnotes":""},"class_list":["post-3424","page","type-page","status-publish","hentry"],"acf":[],"yoast_head":"<!-- This site is optimized with the Yoast SEO plugin v19.0 - https:\/\/yoast.com\/wordpress\/plugins\/seo\/ -->\n<title>\u00c7ama\u015f\u0131r Kurutmal\u0131klar\u0131 - Homapex Practical Home Items<\/title>\n<meta name=\"robots\" content=\"index, follow, max-snippet:-1, max-image-preview:large, max-video-preview:-1\" \/>\n<link rel=\"canonical\" href=\"https:\/\/www.homapex.com.tr\/index.php\/urunler\/camasirkurutmaliklari\/\" \/>\n<meta property=\"og:locale\" content=\"tr_TR\" \/>\n<meta property=\"og:type\" content=\"article\" \/>\n<meta property=\"og:title\" content=\"\u00c7ama\u015f\u0131r Kurutmal\u0131klar\u0131 - Homapex Practical Home Items\" \/>\n<meta property=\"og:url\" content=\"https:\/\/www.homapex.com.tr\/index.php\/urunler\/camasirkurutmaliklari\/\" \/>\n<meta property=\"og:site_name\" content=\"Homapex Practical Home Items\" \/>\n<meta property=\"article:modified_time\" content=\"2024-10-28T23:22:00+00:00\" \/>\n<meta name=\"twitter:card\" content=\"summary_large_image\" \/>\n<meta name=\"twitter:label1\" content=\"Tahmini okuma s\u00fcresi\" \/>\n\t<meta name=\"twitter:data1\" content=\"9 dakika\" \/>\n<script type=\"application\/ld+json\" class=\"yoast-schema-graph\">{\"@context\":\"https:\/\/schema.org\",\"@graph\":[{\"@type\":\"Organization\",\"@id\":\"https:\/\/www.homapex.com.tr\/#organization\",\"name\":\"Homapex\",\"url\":\"https:\/\/www.homapex.com.tr\/\",\"sameAs\":[],\"logo\":{\"@type\":\"ImageObject\",\"inLanguage\":\"tr\",\"@id\":\"https:\/\/www.homapex.com.tr\/#\/schema\/logo\/image\/\",\"url\":\"https:\/\/www.homapex.com.tr\/wp-content\/uploads\/2022\/07\/HOMAPEX.jpg\",\"contentUrl\":\"https:\/\/www.homapex.com.tr\/wp-content\/uploads\/2022\/07\/HOMAPEX.jpg\",\"width\":1920,\"height\":1080,\"caption\":\"Homapex\"},\"image\":{\"@id\":\"https:\/\/www.homapex.com.tr\/#\/schema\/logo\/image\/\"}},{\"@type\":\"WebSite\",\"@id\":\"https:\/\/www.homapex.com.tr\/#website\",\"url\":\"https:\/\/www.homapex.com.tr\/\",\"name\":\"Homapex Practical Home Items\",\"description\":\"Evinizin ihtiyac\u0131 de\u011fil, vazge\u00e7ilmezi\",\"publisher\":{\"@id\":\"https:\/\/www.homapex.com.tr\/#organization\"},\"potentialAction\":[{\"@type\":\"SearchAction\",\"target\":{\"@type\":\"EntryPoint\",\"urlTemplate\":\"https:\/\/www.homapex.com.tr\/?s={search_term_string}\"},\"query-input\":\"required name=search_term_string\"}],\"inLanguage\":\"tr\"},{\"@type\":\"WebPage\",\"@id\":\"https:\/\/www.homapex.com.tr\/index.php\/urunler\/camasirkurutmaliklari\/#webpage\",\"url\":\"https:\/\/www.homapex.com.tr\/index.php\/urunler\/camasirkurutmaliklari\/\",\"name\":\"\u00c7ama\u015f\u0131r Kurutmal\u0131klar\u0131 - Homapex Practical Home Items\",\"isPartOf\":{\"@id\":\"https:\/\/www.homapex.com.tr\/#website\"},\"datePublished\":\"2022-07-16T16:28:36+00:00\",\"dateModified\":\"2024-10-28T23:22:00+00:00\",\"breadcrumb\":{\"@id\":\"https:\/\/www.homapex.com.tr\/index.php\/urunler\/camasirkurutmaliklari\/#breadcrumb\"},\"inLanguage\":\"tr\",\"potentialAction\":[{\"@type\":\"ReadAction\",\"target\":[\"https:\/\/www.homapex.com.tr\/index.php\/urunler\/camasirkurutmaliklari\/\"]}]},{\"@type\":\"BreadcrumbList\",\"@id\":\"https:\/\/www.homapex.com.tr\/index.php\/urunler\/camasirkurutmaliklari\/#breadcrumb\",\"itemListElement\":[{\"@type\":\"ListItem\",\"position\":1,\"name\":\"Anasayfa\",\"item\":\"https:\/\/www.homapex.com.tr\/\"},{\"@type\":\"ListItem\",\"position\":2,\"name\":\"\u00dcr\u00fcnler\",\"item\":\"https:\/\/www.homapex.com.tr\/index.php\/urunler\/\"},{\"@type\":\"ListItem\",\"position\":3,\"name\":\"\u00c7ama\u015f\u0131r Kurutmal\u0131klar\u0131\"}]}]}<\/script>\n<!-- \/ Yoast SEO plugin. -->","yoast_head_json":{"title":"\u00c7ama\u015f\u0131r Kurutmal\u0131klar\u0131 - Homapex Practical Home Items","robots":{"index":"index","follow":"follow","max-snippet":"max-snippet:-1","max-image-preview":"max-image-preview:large","max-video-preview":"max-video-preview:-1"},"canonical":"https:\/\/www.homapex.com.tr\/index.php\/urunler\/camasirkurutmaliklari\/","og_locale":"tr_TR","og_type":"article","og_title":"\u00c7ama\u015f\u0131r Kurutmal\u0131klar\u0131 - Homapex Practical Home Items","og_url":"https:\/\/www.homapex.com.tr\/index.php\/urunler\/camasirkurutmaliklari\/","og_site_name":"Homapex Practical Home Items","article_modified_time":"2024-10-28T23:22:00+00:00","twitter_card":"summary_large_image","twitter_misc":{"Tahmini okuma s\u00fcresi":"9 dakika"},"schema":{"@context":"https:\/\/schema.org","@graph":[{"@type":"Organization","@id":"https:\/\/www.homapex.com.tr\/#organization","name":"Homapex","url":"https:\/\/www.homapex.com.tr\/","sameAs":[],"logo":{"@type":"ImageObject","inLanguage":"tr","@id":"https:\/\/www.homapex.com.tr\/#\/schema\/logo\/image\/","url":"https:\/\/www.homapex.com.tr\/wp-content\/uploads\/2022\/07\/HOMAPEX.jpg","contentUrl":"https:\/\/www.homapex.com.tr\/wp-content\/uploads\/2022\/07\/HOMAPEX.jpg","width":1920,"height":1080,"caption":"Homapex"},"image":{"@id":"https:\/\/www.homapex.com.tr\/#\/schema\/logo\/image\/"}},{"@type":"WebSite","@id":"https:\/\/www.homapex.com.tr\/#website","url":"https:\/\/www.homapex.com.tr\/","name":"Homapex Practical Home Items","description":"Evinizin ihtiyac\u0131 de\u011fil, vazge\u00e7ilmezi","publisher":{"@id":"https:\/\/www.homapex.com.tr\/#organization"},"potentialAction":[{"@type":"SearchAction","target":{"@type":"EntryPoint","urlTemplate":"https:\/\/www.homapex.com.tr\/?s={search_term_string}"},"query-input":"required name=search_term_string"}],"inLanguage":"tr"},{"@type":"WebPage","@id":"https:\/\/www.homapex.com.tr\/index.php\/urunler\/camasirkurutmaliklari\/#webpage","url":"https:\/\/www.homapex.com.tr\/index.php\/urunler\/camasirkurutmaliklari\/","name":"\u00c7ama\u015f\u0131r Kurutmal\u0131klar\u0131 - Homapex Practical Home Items","isPartOf":{"@id":"https:\/\/www.homapex.com.tr\/#website"},"datePublished":"2022-07-16T16:28:36+00:00","dateModified":"2024-10-28T23:22:00+00:00","breadcrumb":{"@id":"https:\/\/www.homapex.com.tr\/index.php\/urunler\/camasirkurutmaliklari\/#breadcrumb"},"inLanguage":"tr","potentialAction":[{"@type":"ReadAction","target":["https:\/\/www.homapex.com.tr\/index.php\/urunler\/camasirkurutmaliklari\/"]}]},{"@type":"BreadcrumbList","@id":"https:\/\/www.homapex.com.tr\/index.php\/urunler\/camasirkurutmaliklari\/#breadcrumb","itemListElement":[{"@type":"ListItem","position":1,"name":"Anasayfa","item":"https:\/\/www.homapex.com.tr\/"},{"@type":"ListItem","position":2,"name":"\u00dcr\u00fcnler","item":"https:\/\/www.homapex.com.tr\/index.php\/urunler\/"},{"@type":"ListItem","position":3,"name":"\u00c7ama\u015f\u0131r Kurutmal\u0131klar\u0131"}]}]}},"_links":{"self":[{"href":"https:\/\/www.homapex.com.tr\/index.php\/wp-json\/wp\/v2\/pages\/3424","targetHints":{"allow":["GET"]}}],"collection":[{"href":"https:\/\/www.homapex.com.tr\/index.php\/wp-json\/wp\/v2\/pages"}],"about":[{"href":"https:\/\/www.homapex.com.tr\/index.php\/wp-json\/wp\/v2\/types\/page"}],"author":[{"embeddable":true,"href":"https:\/\/www.homapex.com.tr\/index.php\/wp-json\/wp\/v2\/users\/1"}],"replies":[{"embeddable":true,"href":"https:\/\/www.homapex.com.tr\/index.php\/wp-json\/wp\/v2\/comments?post=3424"}],"version-history":[{"count":42,"href":"https:\/\/www.homapex.com.tr\/index.php\/wp-json\/wp\/v2\/pages\/3424\/revisions"}],"predecessor-version":[{"id":4056,"href":"https:\/\/www.homapex.com.tr\/index.php\/wp-json\/wp\/v2\/pages\/3424\/revisions\/4056"}],"up":[{"embeddable":true,"href":"https:\/\/www.homapex.com.tr\/index.php\/wp-json\/wp\/v2\/pages\/3033"}],"wp:attachment":[{"href":"https:\/\/www.homapex.com.tr\/index.php\/wp-json\/wp\/v2\/media?parent=3424"}],"curies":[{"name":"wp","href":"https:\/\/api.w.org\/{rel}","templated":true}]}}