{"id":3412,"date":"2022-07-16T18:14:47","date_gmt":"2022-07-16T15:14:47","guid":{"rendered":"https:\/\/www.homapex.com.tr\/?page_id=3412"},"modified":"2024-06-30T01:15:54","modified_gmt":"2024-06-29T22:15:54","slug":"evduzenleyici","status":"publish","type":"page","link":"https:\/\/www.homapex.com.tr\/index.php\/urunler\/evduzenleyici\/","title":{"rendered":"Ev D\u00fczenleyici"},"content":{"rendered":"<div class=\"fusion-fullwidth fullwidth-box fusion-builder-row-1 fusion-flex-container nonhundred-percent-fullwidth non-hundred-percent-height-scrolling\" style=\"background-color: rgba(255,255,255,0);background-position: center center;background-repeat: no-repeat;border-width: 0px 0px 0px 0px;border-color:var(--awb-color3);border-style:solid;\" ><div class=\"fusion-builder-row fusion-row fusion-flex-align-items-flex-start\" style=\"max-width:1320.8px;margin-left: calc(-4% \/ 2 );margin-right: calc(-4% \/ 2 );\"><div class=\"fusion-layout-column fusion_builder_column fusion-builder-column-0 fusion_builder_column_1_1 1_1 fusion-flex-column\"><div class=\"fusion-column-wrapper fusion-flex-justify-content-flex-start fusion-content-layout-column\" style=\"background-position:left top;background-repeat:no-repeat;-webkit-background-size:cover;-moz-background-size:cover;-o-background-size:cover;background-size:cover;padding: 0px 0px 0px 0px;\"><\/div><style type=\"text\/css\">.fusion-body .fusion-builder-column-0{width:100% !important;margin-top : 25px;margin-bottom : 25px;}.fusion-builder-column-0 > .fusion-column-wrapper {padding-top : 0px !important;padding-right : 0px !important;margin-right : 1.92%;padding-bottom : 0px !important;padding-left : 0px !important;margin-left : 1.92%;}@media only screen and (max-width:1024px) {.fusion-body .fusion-builder-column-0{width:100% !important;order : 0;}.fusion-builder-column-0 > .fusion-column-wrapper {margin-right : 1.92%;margin-left : 1.92%;}}@media only screen and (max-width:640px) {.fusion-body .fusion-builder-column-0{width:100% !important;order : 0;}.fusion-builder-column-0 > .fusion-column-wrapper {margin-right : 1.92%;margin-left : 1.92%;}}<\/style><\/div><\/div><style type=\"text\/css\">.fusion-body .fusion-flex-container.fusion-builder-row-1{ padding-top : 20px;margin-top : 0px;padding-right : 0px;padding-bottom : 20px;margin-bottom : 0px;padding-left : 0px;}<\/style><\/div>\n","protected":false},"excerpt":{"rendered":"","protected":false},"author":1,"featured_media":0,"parent":3033,"menu_order":0,"comment_status":"closed","ping_status":"closed","template":"","meta":{"_bbp_topic_count":0,"_bbp_reply_count":0,"_bbp_total_topic_count":0,"_bbp_total_reply_count":0,"_bbp_voice_count":0,"_bbp_anonymous_reply_count":0,"_bbp_topic_count_hidden":0,"_bbp_reply_count_hidden":0,"_bbp_forum_subforum_count":0,"content-type":"","footnotes":""},"class_list":["post-3412","page","type-page","status-publish","hentry"],"acf":[],"yoast_head":"<!-- This site is optimized with the Yoast SEO plugin v19.0 - https:\/\/yoast.com\/wordpress\/plugins\/seo\/ -->\n<title>Ev D\u00fczenleyici - Homapex Practical Home Items<\/title>\n<meta name=\"robots\" content=\"index, follow, max-snippet:-1, max-image-preview:large, max-video-preview:-1\" \/>\n<link rel=\"canonical\" href=\"https:\/\/www.homapex.com.tr\/index.php\/urunler\/evduzenleyici\/\" \/>\n<meta property=\"og:locale\" content=\"tr_TR\" \/>\n<meta property=\"og:type\" content=\"article\" \/>\n<meta property=\"og:title\" content=\"Ev D\u00fczenleyici - Homapex Practical Home Items\" \/>\n<meta property=\"og:url\" content=\"https:\/\/www.homapex.com.tr\/index.php\/urunler\/evduzenleyici\/\" \/>\n<meta property=\"og:site_name\" content=\"Homapex Practical Home Items\" \/>\n<meta property=\"article:modified_time\" content=\"2024-06-29T22:15:54+00:00\" \/>\n<meta name=\"twitter:card\" content=\"summary_large_image\" \/>\n<meta name=\"twitter:label1\" content=\"Tahmini okuma s\u00fcresi\" \/>\n\t<meta name=\"twitter:data1\" content=\"2 dakika\" \/>\n<script type=\"application\/ld+json\" class=\"yoast-schema-graph\">{\"@context\":\"https:\/\/schema.org\",\"@graph\":[{\"@type\":\"Organization\",\"@id\":\"https:\/\/www.homapex.com.tr\/#organization\",\"name\":\"Homapex\",\"url\":\"https:\/\/www.homapex.com.tr\/\",\"sameAs\":[],\"logo\":{\"@type\":\"ImageObject\",\"inLanguage\":\"tr\",\"@id\":\"https:\/\/www.homapex.com.tr\/#\/schema\/logo\/image\/\",\"url\":\"https:\/\/www.homapex.com.tr\/wp-content\/uploads\/2022\/07\/HOMAPEX.jpg\",\"contentUrl\":\"https:\/\/www.homapex.com.tr\/wp-content\/uploads\/2022\/07\/HOMAPEX.jpg\",\"width\":1920,\"height\":1080,\"caption\":\"Homapex\"},\"image\":{\"@id\":\"https:\/\/www.homapex.com.tr\/#\/schema\/logo\/image\/\"}},{\"@type\":\"WebSite\",\"@id\":\"https:\/\/www.homapex.com.tr\/#website\",\"url\":\"https:\/\/www.homapex.com.tr\/\",\"name\":\"Homapex Practical Home Items\",\"description\":\"Evinizin ihtiyac\u0131 de\u011fil, vazge\u00e7ilmezi\",\"publisher\":{\"@id\":\"https:\/\/www.homapex.com.tr\/#organization\"},\"potentialAction\":[{\"@type\":\"SearchAction\",\"target\":{\"@type\":\"EntryPoint\",\"urlTemplate\":\"https:\/\/www.homapex.com.tr\/?s={search_term_string}\"},\"query-input\":\"required name=search_term_string\"}],\"inLanguage\":\"tr\"},{\"@type\":\"WebPage\",\"@id\":\"https:\/\/www.homapex.com.tr\/index.php\/urunler\/evduzenleyici\/#webpage\",\"url\":\"https:\/\/www.homapex.com.tr\/index.php\/urunler\/evduzenleyici\/\",\"name\":\"Ev D\u00fczenleyici - Homapex Practical Home Items\",\"isPartOf\":{\"@id\":\"https:\/\/www.homapex.com.tr\/#website\"},\"datePublished\":\"2022-07-16T15:14:47+00:00\",\"dateModified\":\"2024-06-29T22:15:54+00:00\",\"breadcrumb\":{\"@id\":\"https:\/\/www.homapex.com.tr\/index.php\/urunler\/evduzenleyici\/#breadcrumb\"},\"inLanguage\":\"tr\",\"potentialAction\":[{\"@type\":\"ReadAction\",\"target\":[\"https:\/\/www.homapex.com.tr\/index.php\/urunler\/evduzenleyici\/\"]}]},{\"@type\":\"BreadcrumbList\",\"@id\":\"https:\/\/www.homapex.com.tr\/index.php\/urunler\/evduzenleyici\/#breadcrumb\",\"itemListElement\":[{\"@type\":\"ListItem\",\"position\":1,\"name\":\"Anasayfa\",\"item\":\"https:\/\/www.homapex.com.tr\/\"},{\"@type\":\"ListItem\",\"position\":2,\"name\":\"\u00dcr\u00fcnler\",\"item\":\"https:\/\/www.homapex.com.tr\/index.php\/urunler\/\"},{\"@type\":\"ListItem\",\"position\":3,\"name\":\"Ev D\u00fczenleyici\"}]}]}<\/script>\n<!-- \/ Yoast SEO plugin. -->","yoast_head_json":{"title":"Ev D\u00fczenleyici - Homapex Practical Home Items","robots":{"index":"index","follow":"follow","max-snippet":"max-snippet:-1","max-image-preview":"max-image-preview:large","max-video-preview":"max-video-preview:-1"},"canonical":"https:\/\/www.homapex.com.tr\/index.php\/urunler\/evduzenleyici\/","og_locale":"tr_TR","og_type":"article","og_title":"Ev D\u00fczenleyici - Homapex Practical Home Items","og_url":"https:\/\/www.homapex.com.tr\/index.php\/urunler\/evduzenleyici\/","og_site_name":"Homapex Practical Home Items","article_modified_time":"2024-06-29T22:15:54+00:00","twitter_card":"summary_large_image","twitter_misc":{"Tahmini okuma s\u00fcresi":"2 dakika"},"schema":{"@context":"https:\/\/schema.org","@graph":[{"@type":"Organization","@id":"https:\/\/www.homapex.com.tr\/#organization","name":"Homapex","url":"https:\/\/www.homapex.com.tr\/","sameAs":[],"logo":{"@type":"ImageObject","inLanguage":"tr","@id":"https:\/\/www.homapex.com.tr\/#\/schema\/logo\/image\/","url":"https:\/\/www.homapex.com.tr\/wp-content\/uploads\/2022\/07\/HOMAPEX.jpg","contentUrl":"https:\/\/www.homapex.com.tr\/wp-content\/uploads\/2022\/07\/HOMAPEX.jpg","width":1920,"height":1080,"caption":"Homapex"},"image":{"@id":"https:\/\/www.homapex.com.tr\/#\/schema\/logo\/image\/"}},{"@type":"WebSite","@id":"https:\/\/www.homapex.com.tr\/#website","url":"https:\/\/www.homapex.com.tr\/","name":"Homapex Practical Home Items","description":"Evinizin ihtiyac\u0131 de\u011fil, vazge\u00e7ilmezi","publisher":{"@id":"https:\/\/www.homapex.com.tr\/#organization"},"potentialAction":[{"@type":"SearchAction","target":{"@type":"EntryPoint","urlTemplate":"https:\/\/www.homapex.com.tr\/?s={search_term_string}"},"query-input":"required name=search_term_string"}],"inLanguage":"tr"},{"@type":"WebPage","@id":"https:\/\/www.homapex.com.tr\/index.php\/urunler\/evduzenleyici\/#webpage","url":"https:\/\/www.homapex.com.tr\/index.php\/urunler\/evduzenleyici\/","name":"Ev D\u00fczenleyici - Homapex Practical Home Items","isPartOf":{"@id":"https:\/\/www.homapex.com.tr\/#website"},"datePublished":"2022-07-16T15:14:47+00:00","dateModified":"2024-06-29T22:15:54+00:00","breadcrumb":{"@id":"https:\/\/www.homapex.com.tr\/index.php\/urunler\/evduzenleyici\/#breadcrumb"},"inLanguage":"tr","potentialAction":[{"@type":"ReadAction","target":["https:\/\/www.homapex.com.tr\/index.php\/urunler\/evduzenleyici\/"]}]},{"@type":"BreadcrumbList","@id":"https:\/\/www.homapex.com.tr\/index.php\/urunler\/evduzenleyici\/#breadcrumb","itemListElement":[{"@type":"ListItem","position":1,"name":"Anasayfa","item":"https:\/\/www.homapex.com.tr\/"},{"@type":"ListItem","position":2,"name":"\u00dcr\u00fcnler","item":"https:\/\/www.homapex.com.tr\/index.php\/urunler\/"},{"@type":"ListItem","position":3,"name":"Ev D\u00fczenleyici"}]}]}},"_links":{"self":[{"href":"https:\/\/www.homapex.com.tr\/index.php\/wp-json\/wp\/v2\/pages\/3412","targetHints":{"allow":["GET"]}}],"collection":[{"href":"https:\/\/www.homapex.com.tr\/index.php\/wp-json\/wp\/v2\/pages"}],"about":[{"href":"https:\/\/www.homapex.com.tr\/index.php\/wp-json\/wp\/v2\/types\/page"}],"author":[{"embeddable":true,"href":"https:\/\/www.homapex.com.tr\/index.php\/wp-json\/wp\/v2\/users\/1"}],"replies":[{"embeddable":true,"href":"https:\/\/www.homapex.com.tr\/index.php\/wp-json\/wp\/v2\/comments?post=3412"}],"version-history":[{"count":15,"href":"https:\/\/www.homapex.com.tr\/index.php\/wp-json\/wp\/v2\/pages\/3412\/revisions"}],"predecessor-version":[{"id":3986,"href":"https:\/\/www.homapex.com.tr\/index.php\/wp-json\/wp\/v2\/pages\/3412\/revisions\/3986"}],"up":[{"embeddable":true,"href":"https:\/\/www.homapex.com.tr\/index.php\/wp-json\/wp\/v2\/pages\/3033"}],"wp:attachment":[{"href":"https:\/\/www.homapex.com.tr\/index.php\/wp-json\/wp\/v2\/media?parent=3412"}],"curies":[{"name":"wp","href":"https:\/\/api.w.org\/{rel}","templated":true}]}}